{"id":63,"date":"2022-08-24T07:17:22","date_gmt":"2022-08-24T07:17:22","guid":{"rendered":"https:\/\/themes.wpxpro.com\/digiorbit\/?page_id=1495"},"modified":"2025-08-29T10:55:19","modified_gmt":"2025-08-29T10:55:19","slug":"contact","status":"publish","type":"page","link":"https:\/\/no-one-out.eu\/el\/contact\/","title":{"rendered":"\u0395\u03c0\u03b9\u03ba\u03bf\u03b9\u03bd\u03c9\u03bd\u03af\u03b1"},"content":{"rendered":"<div data-elementor-type=\"wp-page\" data-elementor-id=\"63\" class=\"elementor elementor-63\">\n\t\t\t\t\t\t<section class=\"elementor-section elementor-top-section elementor-element elementor-element-af8b27c elementor-section-height-min-height elementor-section-boxed elementor-section-height-default elementor-section-items-middle wpr-particle-no wpr-jarallax-no wpr-parallax-no wpr-sticky-section-no wpr-equal-height-no\" data-id=\"af8b27c\" data-element_type=\"section\" data-e-type=\"section\" data-settings=\"{&quot;background_background&quot;:&quot;classic&quot;}\">\n\t\t\t\t\t\t\t<div class=\"elementor-background-overlay\"><\/div>\n\t\t\t\t\t\t\t<div class=\"elementor-container elementor-column-gap-default\">\n\t\t\t\t\t<div class=\"elementor-column elementor-col-100 elementor-top-column elementor-element elementor-element-4c32814\" data-id=\"4c32814\" data-element_type=\"column\" data-e-type=\"column\">\n\t\t\t<div class=\"elementor-widget-wrap elementor-element-populated\">\n\t\t\t\t\t\t<div class=\"elementor-element elementor-element-2474668 elementor-widget elementor-widget-xpro-heading\" data-id=\"2474668\" data-element_type=\"widget\" data-e-type=\"widget\" data-widget_type=\"xpro-heading.default\">\n\t\t\t\t<div class=\"elementor-widget-container\">\n\t\t\t\t\t<div class=\"xpro-heading-wrapper xpro-simple-heading-wrapper\">\n\t<h2 class=\"xpro-heading-title\">\u0395\u03c0\u03b9\u03ba\u03bf\u03b9\u03bd\u03c9\u03bd\u03af\u03b1 <\/h2><\/div>\n\t\t\t\t<\/div>\n\t\t\t\t<\/div>\n\t\t\t\t\t<\/div>\n\t\t<\/div>\n\t\t\t\t\t<\/div>\n\t\t<\/section>\n\t\t\t\t<section class=\"elementor-section elementor-top-section elementor-element elementor-element-728f3cd elementor-section-boxed elementor-section-height-default elementor-section-height-default wpr-particle-no wpr-jarallax-no wpr-parallax-no wpr-sticky-section-no wpr-equal-height-no\" data-id=\"728f3cd\" data-element_type=\"section\" data-e-type=\"section\">\n\t\t\t\t\t\t<div class=\"elementor-container elementor-column-gap-default\">\n\t\t\t\t\t<div class=\"elementor-column elementor-col-33 elementor-top-column elementor-element elementor-element-6fc16fe\" data-id=\"6fc16fe\" data-element_type=\"column\" data-e-type=\"column\" data-settings=\"{&quot;background_background&quot;:&quot;classic&quot;}\">\n\t\t\t<div class=\"elementor-widget-wrap elementor-element-populated\">\n\t\t\t\t\t\t<div class=\"elementor-element elementor-element-fc4e2b3 elementor-widget elementor-widget-xpro-icon-box\" data-id=\"fc4e2b3\" data-element_type=\"widget\" data-e-type=\"widget\" data-widget_type=\"xpro-icon-box.default\">\n\t\t\t\t<div class=\"elementor-widget-container\">\n\t\t\t\t\t\r\n<a  href=\"#\" class=\"xpro-box-icon-wrapper\">\r\n<div class=\"xpro-box-icon-wrapper-inner\">\r\n\t     \r\n\t\t\t   <span class=\"xpro-box-icon-item\">\r\n\t\t\t\t<svg aria-hidden=\"true\" class=\"e-font-icon-svg e-fas-map-marker-alt\" viewbox=\"0 0 384 512\" xmlns=\"http:\/\/www.w3.org\/2000\/svg\"><path d=\"M172.268 501.67C26.97 291.031 0 269.413 0 192 0 85.961 85.961 0 192 0s192 85.961 192 192c0 77.413-26.97 99.031-172.268 309.67-9.535 13.774-29.93 13.773-39.464 0zM192 272c44.183 0 80-35.817 80-80s-35.817-80-80-80-80 35.817-80 80 35.817 80 80 80z\"><\/path><\/svg>\t\t  <\/span>\r\n\t\r\n\t<span class=\"xpro-box-icon-content\">\r\n\t<h3 class=\"xpro-box-icon-title\">\u0395\u03c0\u03b9\u03c3\u03ba\u03b5\u03c6\u03b8\u03b5\u03af\u03c4\u03b5 \u03bc\u03b1\u03c2 \u03bf\u03c0\u03bf\u03b9\u03b1\u03b4\u03ae\u03c0\u03bf\u03c4\u03b5 \u03c3\u03c4\u03b9\u03b3\u03bc\u03ae<\/h3>\r\n\t\t\t\t\t<p class=\"xpro-box-icon-description\">H\u00e1hl\u00ed\u00f0 12, 603 Akureyri, \u039d\u03b7\u03c3\u03b9\u03c9\u03c4\u03b9\u03ba\u03ae \u03c7\u03ce\u03c1\u03b1<\/p>\r\n\t\t\t\t   <\/span>\r\n   <\/div>\r\n<\/a>\r\n\t\t\t\t<\/div>\n\t\t\t\t<\/div>\n\t\t\t\t\t<\/div>\n\t\t<\/div>\n\t\t\t\t<div class=\"elementor-column elementor-col-33 elementor-top-column elementor-element elementor-element-47b9c8e\" data-id=\"47b9c8e\" data-element_type=\"column\" data-e-type=\"column\" data-settings=\"{&quot;background_background&quot;:&quot;classic&quot;}\">\n\t\t\t<div class=\"elementor-widget-wrap elementor-element-populated\">\n\t\t\t\t\t\t<div class=\"elementor-element elementor-element-b3101a1 elementor-widget elementor-widget-xpro-icon-box\" data-id=\"b3101a1\" data-element_type=\"widget\" data-e-type=\"widget\" data-widget_type=\"xpro-icon-box.default\">\n\t\t\t\t<div class=\"elementor-widget-container\">\n\t\t\t\t\t\r\n<a  href=\"#\" class=\"xpro-box-icon-wrapper\">\r\n<div class=\"xpro-box-icon-wrapper-inner\">\r\n\t     \r\n\t\t\t   <span class=\"xpro-box-icon-item\">\r\n\t\t\t\t<svg aria-hidden=\"true\" class=\"e-font-icon-svg e-fas-envelope\" viewbox=\"0 0 512 512\" xmlns=\"http:\/\/www.w3.org\/2000\/svg\"><path d=\"M502.3 190.8c3.9-3.1 9.7-.2 9.7 4.7V400c0 26.5-21.5 48-48 48H48c-26.5 0-48-21.5-48-48V195.6c0-5 5.7-7.8 9.7-4.7 22.4 17.4 52.1 39.5 154.1 113.6 21.1 15.4 56.7 47.8 92.2 47.6 35.7.3 72-32.8 92.3-47.6 102-74.1 131.6-96.3 154-113.7zM256 320c23.2.4 56.6-29.2 73.4-41.4 132.7-96.3 142.8-104.7 173.4-128.7 5.8-4.5 9.2-11.5 9.2-18.9v-19c0-26.5-21.5-48-48-48H48C21.5 64 0 85.5 0 112v19c0 7.4 3.4 14.3 9.2 18.9 30.6 23.9 40.7 32.4 173.4 128.7 16.8 12.2 50.2 41.8 73.4 41.4z\"><\/path><\/svg>\t\t  <\/span>\r\n\t\r\n\t<span class=\"xpro-box-icon-content\">\r\n\t<h3 class=\"xpro-box-icon-title\">\u03a3\u03c4\u03b5\u03af\u03bb\u03c4\u03b5 \u03ad\u03bd\u03b1 email<\/h3>\r\n\t\t\t\t\t<p class=\"xpro-box-icon-description\">glerarskoli@akureyri.is <\/p>\r\n\t\t\t\t   <\/span>\r\n   <\/div>\r\n<\/a>\r\n\t\t\t\t<\/div>\n\t\t\t\t<\/div>\n\t\t\t\t\t<\/div>\n\t\t<\/div>\n\t\t\t\t<div class=\"elementor-column elementor-col-33 elementor-top-column elementor-element elementor-element-00480f9\" data-id=\"00480f9\" data-element_type=\"column\" data-e-type=\"column\" data-settings=\"{&quot;background_background&quot;:&quot;classic&quot;}\">\n\t\t\t<div class=\"elementor-widget-wrap elementor-element-populated\">\n\t\t\t\t\t\t<div class=\"elementor-element elementor-element-b3bd260 elementor-widget elementor-widget-xpro-icon-box\" data-id=\"b3bd260\" data-element_type=\"widget\" data-e-type=\"widget\" data-widget_type=\"xpro-icon-box.default\">\n\t\t\t\t<div class=\"elementor-widget-container\">\n\t\t\t\t\t\r\n<a  href=\"#\" class=\"xpro-box-icon-wrapper\">\r\n<div class=\"xpro-box-icon-wrapper-inner\">\r\n\t     \r\n\t\t\t   <span class=\"xpro-box-icon-item\">\r\n\t\t\t\t<svg aria-hidden=\"true\" class=\"e-font-icon-svg e-fas-phone-alt\" viewbox=\"0 0 512 512\" xmlns=\"http:\/\/www.w3.org\/2000\/svg\"><path d=\"M497.39 361.8l-112-48a24 24 0 0 0-28 6.9l-49.6 60.6A370.66 370.66 0 0 1 130.6 204.11l60.6-49.6a23.94 23.94 0 0 0 6.9-28l-48-112A24.16 24.16 0 0 0 122.6.61l-104 24A24 24 0 0 0 0 48c0 256.5 207.9 464 464 464a24 24 0 0 0 23.4-18.6l24-104a24.29 24.29 0 0 0-14.01-27.6z\"><\/path><\/svg>\t\t  <\/span>\r\n\t\r\n\t<span class=\"xpro-box-icon-content\">\r\n\t<h3 class=\"xpro-box-icon-title\">\u039a\u03ad\u03bd\u03c4\u03c1\u03bf \u03ba\u03bb\u03ae\u03c3\u03b5\u03c9\u03bd<\/h3>\r\n\t\t\t\t\t<p class=\"xpro-box-icon-description\">+354 4612666 <\/p>\r\n\t\t\t\t   <\/span>\r\n   <\/div>\r\n<\/a>\r\n\t\t\t\t<\/div>\n\t\t\t\t<\/div>\n\t\t\t\t\t<\/div>\n\t\t<\/div>\n\t\t\t\t\t<\/div>\n\t\t<\/section>\n\t\t\t\t<\/div>","protected":false},"excerpt":{"rendered":"<p>Contact Visit Us Anytime H\u00e1hl\u00ed\u00f0 12, 603 Akureyri, Islandia Send An Email glerarskoli@akureyri.is Call Center +354 4612666<\/p>","protected":false},"author":1,"featured_media":0,"parent":0,"menu_order":0,"comment_status":"closed","ping_status":"closed","template":"","meta":{"footnotes":""},"class_list":["post-63","page","type-page","status-publish","hentry"],"_links":{"self":[{"href":"https:\/\/no-one-out.eu\/el\/wp-json\/wp\/v2\/pages\/63","targetHints":{"allow":["GET"]}}],"collection":[{"href":"https:\/\/no-one-out.eu\/el\/wp-json\/wp\/v2\/pages"}],"about":[{"href":"https:\/\/no-one-out.eu\/el\/wp-json\/wp\/v2\/types\/page"}],"author":[{"embeddable":true,"href":"https:\/\/no-one-out.eu\/el\/wp-json\/wp\/v2\/users\/1"}],"replies":[{"embeddable":true,"href":"https:\/\/no-one-out.eu\/el\/wp-json\/wp\/v2\/comments?post=63"}],"version-history":[{"count":4,"href":"https:\/\/no-one-out.eu\/el\/wp-json\/wp\/v2\/pages\/63\/revisions"}],"predecessor-version":[{"id":635,"href":"https:\/\/no-one-out.eu\/el\/wp-json\/wp\/v2\/pages\/63\/revisions\/635"}],"wp:attachment":[{"href":"https:\/\/no-one-out.eu\/el\/wp-json\/wp\/v2\/media?parent=63"}],"curies":[{"name":"wp","href":"https:\/\/api.w.org\/{rel}","templated":true}]}}