{"id":333,"date":"2025-03-07T16:39:43","date_gmt":"2025-03-07T16:39:43","guid":{"rendered":"https:\/\/no-one-out.eu\/?page_id=333"},"modified":"2025-07-23T14:54:05","modified_gmt":"2025-07-23T14:54:05","slug":"learning-mobility-2","status":"publish","type":"page","link":"https:\/\/no-one-out.eu\/tr\/learning-mobility-2\/","title":{"rendered":"\u00d6\u011frenme Hareketlili\u011fi 2"},"content":{"rendered":"<div data-elementor-type=\"wp-page\" data-elementor-id=\"333\" class=\"elementor elementor-333\">\n\t\t\t\t<div class=\"elementor-element elementor-element-25538c7 e-flex e-con-boxed wpr-particle-no wpr-jarallax-no wpr-parallax-no wpr-sticky-section-no wpr-equal-height-no e-con e-parent\" data-id=\"25538c7\" data-element_type=\"container\" data-e-type=\"container\">\n\t\t\t\t\t<div class=\"e-con-inner\">\n\t\t<div class=\"elementor-element elementor-element-9505d3b e-flex e-con-boxed wpr-particle-no wpr-jarallax-no wpr-parallax-no wpr-sticky-section-no wpr-equal-height-no e-con e-child\" data-id=\"9505d3b\" data-element_type=\"container\" data-e-type=\"container\">\n\t\t\t\t\t<div class=\"e-con-inner\">\n\t\t<div class=\"elementor-element elementor-element-3de9d11 e-flex e-con-boxed wpr-particle-no wpr-jarallax-no wpr-parallax-no wpr-sticky-section-no wpr-equal-height-no e-con e-child\" data-id=\"3de9d11\" data-element_type=\"container\" data-e-type=\"container\">\n\t\t\t\t\t<div class=\"e-con-inner\">\n\t\t\t\t<div class=\"elementor-element elementor-element-0ef4df4 elementor-widget elementor-widget-xpro-heading\" data-id=\"0ef4df4\" data-element_type=\"widget\" data-e-type=\"widget\" data-widget_type=\"xpro-heading.default\">\n\t\t\t\t<div class=\"elementor-widget-container\">\n\t\t\t\t\t<div class=\"xpro-heading-wrapper xpro-simple-heading-wrapper\">\n\t<h2 class=\"xpro-heading-title\">\u00d6\u011frenme Hareketlili\u011fi 2 <\/h2><\/div>\n\t\t\t\t<\/div>\n\t\t\t\t<\/div>\n\t\t\t\t<div class=\"elementor-element elementor-element-6e79e05 elementor-widget-divider--view-line elementor-widget elementor-widget-divider\" data-id=\"6e79e05\" data-element_type=\"widget\" data-e-type=\"widget\" data-widget_type=\"divider.default\">\n\t\t\t\t<div class=\"elementor-widget-container\">\n\t\t\t\t\t\t\t<div class=\"elementor-divider\">\n\t\t\t<span class=\"elementor-divider-separator\">\n\t\t\t\t\t\t<\/span>\n\t\t<\/div>\n\t\t\t\t\t\t<\/div>\n\t\t\t\t<\/div>\n\t\t\t\t<div class=\"elementor-element elementor-element-7b886db elementor-widget elementor-widget-heading\" data-id=\"7b886db\" data-element_type=\"widget\" data-e-type=\"widget\" data-widget_type=\"heading.default\">\n\t\t\t\t<div class=\"elementor-widget-container\">\n\t\t\t\t\t<h2 class=\"elementor-heading-title elementor-size-default\"><b>Akureyri, \u0130zlanda<br><\/b>11-15 Kas\u0131m 2024<\/h2>\t\t\t\t<\/div>\n\t\t\t\t<\/div>\n\t\t\t\t<div class=\"elementor-element elementor-element-f629afd elementor-widget__width-initial elementor-widget-tablet__width-initial elementor-widget elementor-widget-text-editor\" data-id=\"f629afd\" data-element_type=\"widget\" data-e-type=\"widget\" data-widget_type=\"text-editor.default\">\n\t\t\t\t<div class=\"elementor-widget-container\">\n\t\t\t\t\t\t\t\t\t<p style=\"text-align: justify;\">\u00d6\u011frenciler ve \u00f6\u011fretmenler, k\u00fclt\u00fcrleraras\u0131 \u00e7e\u015fitlilik ve etkili ileti\u015fim konular\u0131nda bilgi edinme f\u0131rsat\u0131 bulduklar\u0131 LM2'ye kat\u0131ld\u0131lar.<\/p>\t\t\t\t\t\t\t\t<\/div>\n\t\t\t\t<\/div>\n\t\t\t\t\t<\/div>\n\t\t\t\t<\/div>\n\t\t<div class=\"elementor-element elementor-element-1c4f817 e-flex e-con-boxed wpr-particle-no wpr-jarallax-no wpr-parallax-no wpr-sticky-section-no wpr-equal-height-no e-con e-child\" data-id=\"1c4f817\" data-element_type=\"container\" data-e-type=\"container\">\n\t\t\t\t\t<div class=\"e-con-inner\">\n\t\t\t\t<div class=\"elementor-element elementor-element-18fef3e elementor-widget__width-initial elementor-widget elementor-widget-image\" data-id=\"18fef3e\" data-element_type=\"widget\" data-e-type=\"widget\" data-widget_type=\"image.default\">\n\t\t\t\t<div class=\"elementor-widget-container\">\n\t\t\t\t\t\t\t\t\t\t\t\t\t\t\t<img fetchpriority=\"high\" decoding=\"async\" width=\"800\" height=\"534\" src=\"https:\/\/no-one-out.eu\/wp-content\/uploads\/2025\/07\/beautiful-winter-landscape-1-1024x683.jpg\" class=\"attachment-large size-large wp-image-504\" alt=\"\" srcset=\"https:\/\/no-one-out.eu\/wp-content\/uploads\/2025\/07\/beautiful-winter-landscape-1-1024x683.jpg 1024w, https:\/\/no-one-out.eu\/wp-content\/uploads\/2025\/07\/beautiful-winter-landscape-1-300x200.jpg 300w, https:\/\/no-one-out.eu\/wp-content\/uploads\/2025\/07\/beautiful-winter-landscape-1-768x512.jpg 768w, https:\/\/no-one-out.eu\/wp-content\/uploads\/2025\/07\/beautiful-winter-landscape-1-1536x1024.jpg 1536w, https:\/\/no-one-out.eu\/wp-content\/uploads\/2025\/07\/beautiful-winter-landscape-1-2048x1366.jpg 2048w\" sizes=\"(max-width: 800px) 100vw, 800px\" \/>\t\t\t\t\t\t\t\t\t\t\t\t\t\t\t<\/div>\n\t\t\t\t<\/div>\n\t\t\t\t\t<\/div>\n\t\t\t\t<\/div>\n\t\t\t\t\t<\/div>\n\t\t\t\t<\/div>\n\t\t<div class=\"elementor-element elementor-element-f292cc3 e-flex e-con-boxed wpr-particle-no wpr-jarallax-no wpr-parallax-no wpr-sticky-section-no wpr-equal-height-no e-con e-child\" data-id=\"f292cc3\" data-element_type=\"container\" data-e-type=\"container\">\n\t\t\t\t\t<div class=\"e-con-inner\">\n\t\t<div class=\"elementor-element elementor-element-1ac6188 e-flex e-con-boxed wpr-particle-no wpr-jarallax-no wpr-parallax-no wpr-sticky-section-no wpr-equal-height-no e-con e-child\" data-id=\"1ac6188\" data-element_type=\"container\" data-e-type=\"container\">\n\t\t\t\t\t<div class=\"e-con-inner\">\n\t\t\t\t<div class=\"elementor-element elementor-element-363095b elementor-widget elementor-widget-xpro-heading\" data-id=\"363095b\" data-element_type=\"widget\" data-e-type=\"widget\" data-widget_type=\"xpro-heading.default\">\n\t\t\t\t<div class=\"elementor-widget-container\">\n\t\t\t\t\t<div class=\"xpro-heading-wrapper xpro-simple-heading-wrapper\">\n\t<h2 class=\"xpro-heading-title\">Hareketlilikten Anlar <\/h2><\/div>\n\t\t\t\t<\/div>\n\t\t\t\t<\/div>\n\t\t\t\t\t<\/div>\n\t\t\t\t<\/div>\n\t\t\t\t\t<\/div>\n\t\t\t\t<\/div>\n\t\t\t\t\t<\/div>\n\t\t\t\t<\/div>\n\t\t\t\t<section class=\"elementor-section elementor-top-section elementor-element elementor-element-4ce42d8f elementor-section-boxed elementor-section-height-default elementor-section-height-default wpr-particle-no wpr-jarallax-no wpr-parallax-no wpr-sticky-section-no wpr-equal-height-no\" data-id=\"4ce42d8f\" data-element_type=\"section\" data-e-type=\"section\">\n\t\t\t\t\t\t<div class=\"elementor-container elementor-column-gap-default\">\n\t\t\t\t\t<div class=\"elementor-column elementor-col-100 elementor-top-column elementor-element elementor-element-11f2ae5b\" data-id=\"11f2ae5b\" data-element_type=\"column\" data-e-type=\"column\">\n\t\t\t<div class=\"elementor-widget-wrap elementor-element-populated\">\n\t\t\t\t\t\t<div class=\"elementor-element elementor-element-60ddd7b4 elementor-widget elementor-widget-xpro-simple-gallery\" data-id=\"60ddd7b4\" data-element_type=\"widget\" data-e-type=\"widget\" data-settings=\"{&quot;item_height&quot;:{&quot;unit&quot;:&quot;px&quot;,&quot;size&quot;:450,&quot;sizes&quot;:[]},&quot;margin&quot;:{&quot;unit&quot;:&quot;px&quot;,&quot;size&quot;:30,&quot;sizes&quot;:[]},&quot;margin_mobile&quot;:{&quot;unit&quot;:&quot;px&quot;,&quot;size&quot;:20,&quot;sizes&quot;:[]},&quot;item_per_row&quot;:4,&quot;item_per_row_tablet&quot;:2,&quot;item_per_row_mobile&quot;:1,&quot;item_height_tablet&quot;:{&quot;unit&quot;:&quot;px&quot;,&quot;size&quot;:&quot;&quot;,&quot;sizes&quot;:[]},&quot;item_height_mobile&quot;:{&quot;unit&quot;:&quot;px&quot;,&quot;size&quot;:&quot;&quot;,&quot;sizes&quot;:[]},&quot;margin_tablet&quot;:{&quot;unit&quot;:&quot;px&quot;,&quot;size&quot;:15,&quot;sizes&quot;:[]},&quot;popup&quot;:&quot;1&quot;,&quot;thumbnail&quot;:&quot;yes&quot;,&quot;thumbnail_by_default&quot;:&quot;yes&quot;,&quot;share&quot;:&quot;yes&quot;,&quot;download&quot;:&quot;yes&quot;,&quot;hover_effect&quot;:&quot;zoom&quot;}\" data-widget_type=\"xpro-simple-gallery.default\">\n\t\t\t\t<div class=\"elementor-widget-container\">\n\t\t\t\t\t \n<div class=\"xpro-elementor-gallery xpro-elementor-gallery-layout-grid\">\n\n\t\n\t<!-- Main Gallery -->\n\t<div class=\"pluginResize xpro-elementor-gallery-wrapper cbp\">\n\n\t\t\n\t\t\t<!--Item-->\n\t\t\t<div class=\"cbp-item xpro-elementor-gallery-item\">\n\t\t\t\t<div class=\"cbp-caption\">\n\t\t\t\t\t<div class=\"cbp-caption-defaultWrap\">\n\t\t\t\t\t\t<img decoding=\"async\" width=\"1600\" height=\"1200\" src=\"https:\/\/no-one-out.eu\/wp-content\/uploads\/2025\/03\/WhatsApp-Image-2024-11-11-at-21.09.27.jpeg\" class=\"attachment-full size-full\" alt=\"\" srcset=\"https:\/\/no-one-out.eu\/wp-content\/uploads\/2025\/03\/WhatsApp-Image-2024-11-11-at-21.09.27.jpeg 1600w, https:\/\/no-one-out.eu\/wp-content\/uploads\/2025\/03\/WhatsApp-Image-2024-11-11-at-21.09.27-300x225.jpeg 300w, https:\/\/no-one-out.eu\/wp-content\/uploads\/2025\/03\/WhatsApp-Image-2024-11-11-at-21.09.27-1024x768.jpeg 1024w, https:\/\/no-one-out.eu\/wp-content\/uploads\/2025\/03\/WhatsApp-Image-2024-11-11-at-21.09.27-768x576.jpeg 768w, https:\/\/no-one-out.eu\/wp-content\/uploads\/2025\/03\/WhatsApp-Image-2024-11-11-at-21.09.27-1536x1152.jpeg 1536w\" sizes=\"(max-width: 1600px) 100vw, 1600px\" \/>\t\t\t\t\t<\/div>\n\t\t\t\t\t<div class=\"cbp-caption-activeWrap\">\n\t\t\t\t\t\t<div class=\"cbp-l-caption-alignCenter\" data-xpro-lightbox data-src=\"https:\/\/no-one-out.eu\/wp-content\/uploads\/2025\/03\/WhatsApp-Image-2024-11-11-at-21.09.27.jpeg\">\n\t\t\t\t\t\t\t<!-- Overlay -->\n\t\t\t\t\t\t\t<div class=\"cbp-l-caption-body\">\n\t\t\t\t\t\t\t\t\n\t\t\t\t\t\t\t\t\t\t\t\t\t\t\t\t\t<!-- Content -->\n\t\t\t\t\t\t\t\t\t<div class=\"xpro-overlay-content\">\n\t\t\t\t\t\t\t\t\t\t\t\t\t\t\t\t\t\t\t\t\t\t\t\t\t\t\t\t\t<\/div>\n\t\t\t\t\t\t\t\t\t\t\t\t\t\t\t<\/div>\n\t\t\t\t\t\t<\/div>\n\t\t\t\t\t<\/div>\n\t\t\t\t<\/div>\n\t\t\t<\/div>\n\n\t\t\n\t\t\t<!--Item-->\n\t\t\t<div class=\"cbp-item xpro-elementor-gallery-item\">\n\t\t\t\t<div class=\"cbp-caption\">\n\t\t\t\t\t<div class=\"cbp-caption-defaultWrap\">\n\t\t\t\t\t\t<img decoding=\"async\" width=\"1600\" height=\"1200\" src=\"https:\/\/no-one-out.eu\/wp-content\/uploads\/2025\/03\/WhatsApp-Image-2024-11-11.jpeg\" class=\"attachment-full size-full\" alt=\"\" srcset=\"https:\/\/no-one-out.eu\/wp-content\/uploads\/2025\/03\/WhatsApp-Image-2024-11-11.jpeg 1600w, https:\/\/no-one-out.eu\/wp-content\/uploads\/2025\/03\/WhatsApp-Image-2024-11-11-300x225.jpeg 300w, https:\/\/no-one-out.eu\/wp-content\/uploads\/2025\/03\/WhatsApp-Image-2024-11-11-1024x768.jpeg 1024w, https:\/\/no-one-out.eu\/wp-content\/uploads\/2025\/03\/WhatsApp-Image-2024-11-11-768x576.jpeg 768w, https:\/\/no-one-out.eu\/wp-content\/uploads\/2025\/03\/WhatsApp-Image-2024-11-11-1536x1152.jpeg 1536w\" sizes=\"(max-width: 1600px) 100vw, 1600px\" \/>\t\t\t\t\t<\/div>\n\t\t\t\t\t<div class=\"cbp-caption-activeWrap\">\n\t\t\t\t\t\t<div class=\"cbp-l-caption-alignCenter\" data-xpro-lightbox data-src=\"https:\/\/no-one-out.eu\/wp-content\/uploads\/2025\/03\/WhatsApp-Image-2024-11-11.jpeg\">\n\t\t\t\t\t\t\t<!-- Overlay -->\n\t\t\t\t\t\t\t<div class=\"cbp-l-caption-body\">\n\t\t\t\t\t\t\t\t\n\t\t\t\t\t\t\t\t\t\t\t\t\t\t\t\t\t<!-- Content -->\n\t\t\t\t\t\t\t\t\t<div class=\"xpro-overlay-content\">\n\t\t\t\t\t\t\t\t\t\t\t\t\t\t\t\t\t\t\t\t\t\t\t\t\t\t\t\t\t<\/div>\n\t\t\t\t\t\t\t\t\t\t\t\t\t\t\t<\/div>\n\t\t\t\t\t\t<\/div>\n\t\t\t\t\t<\/div>\n\t\t\t\t<\/div>\n\t\t\t<\/div>\n\n\t\t\n\t\t\t<!--Item-->\n\t\t\t<div class=\"cbp-item xpro-elementor-gallery-item\">\n\t\t\t\t<div class=\"cbp-caption\">\n\t\t\t\t\t<div class=\"cbp-caption-defaultWrap\">\n\t\t\t\t\t\t<img loading=\"lazy\" decoding=\"async\" width=\"1600\" height=\"1200\" src=\"https:\/\/no-one-out.eu\/wp-content\/uploads\/2025\/03\/WhatsApp-Image-2024-11-12-at-17.49.33.jpeg\" class=\"attachment-full size-full\" alt=\"\" srcset=\"https:\/\/no-one-out.eu\/wp-content\/uploads\/2025\/03\/WhatsApp-Image-2024-11-12-at-17.49.33.jpeg 1600w, https:\/\/no-one-out.eu\/wp-content\/uploads\/2025\/03\/WhatsApp-Image-2024-11-12-at-17.49.33-300x225.jpeg 300w, https:\/\/no-one-out.eu\/wp-content\/uploads\/2025\/03\/WhatsApp-Image-2024-11-12-at-17.49.33-1024x768.jpeg 1024w, https:\/\/no-one-out.eu\/wp-content\/uploads\/2025\/03\/WhatsApp-Image-2024-11-12-at-17.49.33-768x576.jpeg 768w, https:\/\/no-one-out.eu\/wp-content\/uploads\/2025\/03\/WhatsApp-Image-2024-11-12-at-17.49.33-1536x1152.jpeg 1536w\" sizes=\"(max-width: 1600px) 100vw, 1600px\" \/>\t\t\t\t\t<\/div>\n\t\t\t\t\t<div class=\"cbp-caption-activeWrap\">\n\t\t\t\t\t\t<div class=\"cbp-l-caption-alignCenter\" data-xpro-lightbox data-src=\"https:\/\/no-one-out.eu\/wp-content\/uploads\/2025\/03\/WhatsApp-Image-2024-11-12-at-17.49.33.jpeg\">\n\t\t\t\t\t\t\t<!-- Overlay -->\n\t\t\t\t\t\t\t<div class=\"cbp-l-caption-body\">\n\t\t\t\t\t\t\t\t\n\t\t\t\t\t\t\t\t\t\t\t\t\t\t\t\t\t<!-- Content -->\n\t\t\t\t\t\t\t\t\t<div class=\"xpro-overlay-content\">\n\t\t\t\t\t\t\t\t\t\t\t\t\t\t\t\t\t\t\t\t\t\t\t\t\t\t\t\t\t<\/div>\n\t\t\t\t\t\t\t\t\t\t\t\t\t\t\t<\/div>\n\t\t\t\t\t\t<\/div>\n\t\t\t\t\t<\/div>\n\t\t\t\t<\/div>\n\t\t\t<\/div>\n\n\t\t\n\t\t\t<!--Item-->\n\t\t\t<div class=\"cbp-item xpro-elementor-gallery-item\">\n\t\t\t\t<div class=\"cbp-caption\">\n\t\t\t\t\t<div class=\"cbp-caption-defaultWrap\">\n\t\t\t\t\t\t<img loading=\"lazy\" decoding=\"async\" width=\"1600\" height=\"1200\" src=\"https:\/\/no-one-out.eu\/wp-content\/uploads\/2025\/03\/WhatsApp-Image-2024-11-12-at-17.49.29.jpeg\" class=\"attachment-full size-full\" alt=\"\" srcset=\"https:\/\/no-one-out.eu\/wp-content\/uploads\/2025\/03\/WhatsApp-Image-2024-11-12-at-17.49.29.jpeg 1600w, https:\/\/no-one-out.eu\/wp-content\/uploads\/2025\/03\/WhatsApp-Image-2024-11-12-at-17.49.29-300x225.jpeg 300w, https:\/\/no-one-out.eu\/wp-content\/uploads\/2025\/03\/WhatsApp-Image-2024-11-12-at-17.49.29-1024x768.jpeg 1024w, https:\/\/no-one-out.eu\/wp-content\/uploads\/2025\/03\/WhatsApp-Image-2024-11-12-at-17.49.29-768x576.jpeg 768w, https:\/\/no-one-out.eu\/wp-content\/uploads\/2025\/03\/WhatsApp-Image-2024-11-12-at-17.49.29-1536x1152.jpeg 1536w\" sizes=\"(max-width: 1600px) 100vw, 1600px\" \/>\t\t\t\t\t<\/div>\n\t\t\t\t\t<div class=\"cbp-caption-activeWrap\">\n\t\t\t\t\t\t<div class=\"cbp-l-caption-alignCenter\" data-xpro-lightbox data-src=\"https:\/\/no-one-out.eu\/wp-content\/uploads\/2025\/03\/WhatsApp-Image-2024-11-12-at-17.49.29.jpeg\">\n\t\t\t\t\t\t\t<!-- Overlay -->\n\t\t\t\t\t\t\t<div class=\"cbp-l-caption-body\">\n\t\t\t\t\t\t\t\t\n\t\t\t\t\t\t\t\t\t\t\t\t\t\t\t\t\t<!-- Content -->\n\t\t\t\t\t\t\t\t\t<div class=\"xpro-overlay-content\">\n\t\t\t\t\t\t\t\t\t\t\t\t\t\t\t\t\t\t\t\t\t\t\t\t\t\t\t\t\t<\/div>\n\t\t\t\t\t\t\t\t\t\t\t\t\t\t\t<\/div>\n\t\t\t\t\t\t<\/div>\n\t\t\t\t\t<\/div>\n\t\t\t\t<\/div>\n\t\t\t<\/div>\n\n\t\t\n\t\t\t<!--Item-->\n\t\t\t<div class=\"cbp-item xpro-elementor-gallery-item\">\n\t\t\t\t<div class=\"cbp-caption\">\n\t\t\t\t\t<div class=\"cbp-caption-defaultWrap\">\n\t\t\t\t\t\t<img loading=\"lazy\" decoding=\"async\" width=\"1200\" height=\"1600\" src=\"https:\/\/no-one-out.eu\/wp-content\/uploads\/2025\/03\/WhatsApp-Image-2024-11-13-at-13.55.31.jpeg\" class=\"attachment-full size-full\" alt=\"\" srcset=\"https:\/\/no-one-out.eu\/wp-content\/uploads\/2025\/03\/WhatsApp-Image-2024-11-13-at-13.55.31.jpeg 1200w, https:\/\/no-one-out.eu\/wp-content\/uploads\/2025\/03\/WhatsApp-Image-2024-11-13-at-13.55.31-225x300.jpeg 225w, https:\/\/no-one-out.eu\/wp-content\/uploads\/2025\/03\/WhatsApp-Image-2024-11-13-at-13.55.31-768x1024.jpeg 768w, https:\/\/no-one-out.eu\/wp-content\/uploads\/2025\/03\/WhatsApp-Image-2024-11-13-at-13.55.31-1152x1536.jpeg 1152w\" sizes=\"(max-width: 1200px) 100vw, 1200px\" \/>\t\t\t\t\t<\/div>\n\t\t\t\t\t<div class=\"cbp-caption-activeWrap\">\n\t\t\t\t\t\t<div class=\"cbp-l-caption-alignCenter\" data-xpro-lightbox data-src=\"https:\/\/no-one-out.eu\/wp-content\/uploads\/2025\/03\/WhatsApp-Image-2024-11-13-at-13.55.31.jpeg\">\n\t\t\t\t\t\t\t<!-- Overlay -->\n\t\t\t\t\t\t\t<div class=\"cbp-l-caption-body\">\n\t\t\t\t\t\t\t\t\n\t\t\t\t\t\t\t\t\t\t\t\t\t\t\t\t\t<!-- Content -->\n\t\t\t\t\t\t\t\t\t<div class=\"xpro-overlay-content\">\n\t\t\t\t\t\t\t\t\t\t\t\t\t\t\t\t\t\t\t\t\t\t\t\t\t\t\t\t\t<\/div>\n\t\t\t\t\t\t\t\t\t\t\t\t\t\t\t<\/div>\n\t\t\t\t\t\t<\/div>\n\t\t\t\t\t<\/div>\n\t\t\t\t<\/div>\n\t\t\t<\/div>\n\n\t\t\n\t\t\t<!--Item-->\n\t\t\t<div class=\"cbp-item xpro-elementor-gallery-item\">\n\t\t\t\t<div class=\"cbp-caption\">\n\t\t\t\t\t<div class=\"cbp-caption-defaultWrap\">\n\t\t\t\t\t\t<img loading=\"lazy\" decoding=\"async\" width=\"1200\" height=\"1600\" src=\"https:\/\/no-one-out.eu\/wp-content\/uploads\/2025\/03\/WhatsApp-Image-2024-11-13-at-21.38.jpeg\" class=\"attachment-full size-full\" alt=\"\" srcset=\"https:\/\/no-one-out.eu\/wp-content\/uploads\/2025\/03\/WhatsApp-Image-2024-11-13-at-21.38.jpeg 1200w, https:\/\/no-one-out.eu\/wp-content\/uploads\/2025\/03\/WhatsApp-Image-2024-11-13-at-21.38-225x300.jpeg 225w, https:\/\/no-one-out.eu\/wp-content\/uploads\/2025\/03\/WhatsApp-Image-2024-11-13-at-21.38-768x1024.jpeg 768w, https:\/\/no-one-out.eu\/wp-content\/uploads\/2025\/03\/WhatsApp-Image-2024-11-13-at-21.38-1152x1536.jpeg 1152w\" sizes=\"(max-width: 1200px) 100vw, 1200px\" \/>\t\t\t\t\t<\/div>\n\t\t\t\t\t<div class=\"cbp-caption-activeWrap\">\n\t\t\t\t\t\t<div class=\"cbp-l-caption-alignCenter\" data-xpro-lightbox data-src=\"https:\/\/no-one-out.eu\/wp-content\/uploads\/2025\/03\/WhatsApp-Image-2024-11-13-at-21.38.jpeg\">\n\t\t\t\t\t\t\t<!-- Overlay -->\n\t\t\t\t\t\t\t<div class=\"cbp-l-caption-body\">\n\t\t\t\t\t\t\t\t\n\t\t\t\t\t\t\t\t\t\t\t\t\t\t\t\t\t<!-- Content -->\n\t\t\t\t\t\t\t\t\t<div class=\"xpro-overlay-content\">\n\t\t\t\t\t\t\t\t\t\t\t\t\t\t\t\t\t\t\t\t\t\t\t\t\t\t\t\t\t<\/div>\n\t\t\t\t\t\t\t\t\t\t\t\t\t\t\t<\/div>\n\t\t\t\t\t\t<\/div>\n\t\t\t\t\t<\/div>\n\t\t\t\t<\/div>\n\t\t\t<\/div>\n\n\t\t\n\t\t\t<!--Item-->\n\t\t\t<div class=\"cbp-item xpro-elementor-gallery-item\">\n\t\t\t\t<div class=\"cbp-caption\">\n\t\t\t\t\t<div class=\"cbp-caption-defaultWrap\">\n\t\t\t\t\t\t<img loading=\"lazy\" decoding=\"async\" width=\"1200\" height=\"1600\" src=\"https:\/\/no-one-out.eu\/wp-content\/uploads\/2025\/03\/WhatsApp-Image-2024-11-13-at-22.43.49.jpeg\" class=\"attachment-full size-full\" alt=\"\" srcset=\"https:\/\/no-one-out.eu\/wp-content\/uploads\/2025\/03\/WhatsApp-Image-2024-11-13-at-22.43.49.jpeg 1200w, https:\/\/no-one-out.eu\/wp-content\/uploads\/2025\/03\/WhatsApp-Image-2024-11-13-at-22.43.49-225x300.jpeg 225w, https:\/\/no-one-out.eu\/wp-content\/uploads\/2025\/03\/WhatsApp-Image-2024-11-13-at-22.43.49-768x1024.jpeg 768w, https:\/\/no-one-out.eu\/wp-content\/uploads\/2025\/03\/WhatsApp-Image-2024-11-13-at-22.43.49-1152x1536.jpeg 1152w\" sizes=\"(max-width: 1200px) 100vw, 1200px\" \/>\t\t\t\t\t<\/div>\n\t\t\t\t\t<div class=\"cbp-caption-activeWrap\">\n\t\t\t\t\t\t<div class=\"cbp-l-caption-alignCenter\" data-xpro-lightbox data-src=\"https:\/\/no-one-out.eu\/wp-content\/uploads\/2025\/03\/WhatsApp-Image-2024-11-13-at-22.43.49.jpeg\">\n\t\t\t\t\t\t\t<!-- Overlay -->\n\t\t\t\t\t\t\t<div class=\"cbp-l-caption-body\">\n\t\t\t\t\t\t\t\t\n\t\t\t\t\t\t\t\t\t\t\t\t\t\t\t\t\t<!-- Content -->\n\t\t\t\t\t\t\t\t\t<div class=\"xpro-overlay-content\">\n\t\t\t\t\t\t\t\t\t\t\t\t\t\t\t\t\t\t\t\t\t\t\t\t\t\t\t\t\t<\/div>\n\t\t\t\t\t\t\t\t\t\t\t\t\t\t\t<\/div>\n\t\t\t\t\t\t<\/div>\n\t\t\t\t\t<\/div>\n\t\t\t\t<\/div>\n\t\t\t<\/div>\n\n\t\t\n\t\t\t<!--Item-->\n\t\t\t<div class=\"cbp-item xpro-elementor-gallery-item\">\n\t\t\t\t<div class=\"cbp-caption\">\n\t\t\t\t\t<div class=\"cbp-caption-defaultWrap\">\n\t\t\t\t\t\t<img loading=\"lazy\" decoding=\"async\" width=\"1200\" height=\"1600\" src=\"https:\/\/no-one-out.eu\/wp-content\/uploads\/2025\/03\/WhatsApp-Image-2024-11-13-at-21.38.37.jpeg\" class=\"attachment-full size-full\" alt=\"\" srcset=\"https:\/\/no-one-out.eu\/wp-content\/uploads\/2025\/03\/WhatsApp-Image-2024-11-13-at-21.38.37.jpeg 1200w, https:\/\/no-one-out.eu\/wp-content\/uploads\/2025\/03\/WhatsApp-Image-2024-11-13-at-21.38.37-225x300.jpeg 225w, https:\/\/no-one-out.eu\/wp-content\/uploads\/2025\/03\/WhatsApp-Image-2024-11-13-at-21.38.37-768x1024.jpeg 768w, https:\/\/no-one-out.eu\/wp-content\/uploads\/2025\/03\/WhatsApp-Image-2024-11-13-at-21.38.37-1152x1536.jpeg 1152w\" sizes=\"(max-width: 1200px) 100vw, 1200px\" \/>\t\t\t\t\t<\/div>\n\t\t\t\t\t<div class=\"cbp-caption-activeWrap\">\n\t\t\t\t\t\t<div class=\"cbp-l-caption-alignCenter\" data-xpro-lightbox data-src=\"https:\/\/no-one-out.eu\/wp-content\/uploads\/2025\/03\/WhatsApp-Image-2024-11-13-at-21.38.37.jpeg\">\n\t\t\t\t\t\t\t<!-- Overlay -->\n\t\t\t\t\t\t\t<div class=\"cbp-l-caption-body\">\n\t\t\t\t\t\t\t\t\n\t\t\t\t\t\t\t\t\t\t\t\t\t\t\t\t\t<!-- Content -->\n\t\t\t\t\t\t\t\t\t<div class=\"xpro-overlay-content\">\n\t\t\t\t\t\t\t\t\t\t\t\t\t\t\t\t\t\t\t\t\t\t\t\t\t\t\t\t\t<\/div>\n\t\t\t\t\t\t\t\t\t\t\t\t\t\t\t<\/div>\n\t\t\t\t\t\t<\/div>\n\t\t\t\t\t<\/div>\n\t\t\t\t<\/div>\n\t\t\t<\/div>\n\n\t\t\n\t<\/div>\n\n<\/div>\n\t\t\t\t<\/div>\n\t\t\t\t<\/div>\n\t\t\t\t\t<\/div>\n\t\t<\/div>\n\t\t\t\t\t<\/div>\n\t\t<\/section>\n\t\t\t\t<\/div>","protected":false},"excerpt":{"rendered":"<p>Learning Mobility 2 Akureyri, Iceland11-15 November 2024 Students and teachers took part in the LM2, where they had the opportunity to learn about and gain knowledge in intercultural diversity and effective communication. Moments from Mobility<\/p>","protected":false},"author":1,"featured_media":0,"parent":0,"menu_order":0,"comment_status":"closed","ping_status":"closed","template":"","meta":{"footnotes":""},"class_list":["post-333","page","type-page","status-publish","hentry"],"_links":{"self":[{"href":"https:\/\/no-one-out.eu\/tr\/wp-json\/wp\/v2\/pages\/333","targetHints":{"allow":["GET"]}}],"collection":[{"href":"https:\/\/no-one-out.eu\/tr\/wp-json\/wp\/v2\/pages"}],"about":[{"href":"https:\/\/no-one-out.eu\/tr\/wp-json\/wp\/v2\/types\/page"}],"author":[{"embeddable":true,"href":"https:\/\/no-one-out.eu\/tr\/wp-json\/wp\/v2\/users\/1"}],"replies":[{"embeddable":true,"href":"https:\/\/no-one-out.eu\/tr\/wp-json\/wp\/v2\/comments?post=333"}],"version-history":[{"count":16,"href":"https:\/\/no-one-out.eu\/tr\/wp-json\/wp\/v2\/pages\/333\/revisions"}],"predecessor-version":[{"id":516,"href":"https:\/\/no-one-out.eu\/tr\/wp-json\/wp\/v2\/pages\/333\/revisions\/516"}],"wp:attachment":[{"href":"https:\/\/no-one-out.eu\/tr\/wp-json\/wp\/v2\/media?parent=333"}],"curies":[{"name":"wp","href":"https:\/\/api.w.org\/{rel}","templated":true}]}}